{"id":28,"date":"2025-08-06T15:31:49","date_gmt":"2025-08-06T13:31:49","guid":{"rendered":"https:\/\/arcadia.rocks\/?page_id=28"},"modified":"2025-08-06T15:31:49","modified_gmt":"2025-08-06T13:31:49","slug":"kiedy-mi-sie-bedzie-chcialo","status":"publish","type":"page","link":"https:\/\/arcadia.rocks\/","title":{"rendered":"Kiedy mi si\u0119 b\u0119dzie chcia\u0142o"},"content":{"rendered":"\n<p>zrobi\u0119 co\u015b z t\u0105 stron\u0105&#8230;<\/p>\n","protected":false},"excerpt":{"rendered":"<p>zrobi\u0119 co\u015b z t\u0105 stron\u0105&#8230;<\/p>\n","protected":false},"author":1,"featured_media":0,"parent":0,"menu_order":0,"comment_status":"closed","ping_status":"closed","template":"","meta":{"footnotes":""},"class_list":["post-28","page","type-page","status-publish","hentry"],"yoast_head":"<!-- This site is optimized with the Yoast SEO plugin v25.8 - https:\/\/yoast.com\/wordpress\/plugins\/seo\/ -->\n<title>Kiedy mi si\u0119 b\u0119dzie chcia\u0142o - ARCADIA ROCKS<\/title>\n<meta name=\"robots\" content=\"index, follow, max-snippet:-1, max-image-preview:large, max-video-preview:-1\" \/>\n<link rel=\"canonical\" href=\"http:\/\/arcadia.rocks\/\" \/>\n<meta property=\"og:locale\" content=\"pl_PL\" \/>\n<meta property=\"og:type\" content=\"article\" \/>\n<meta property=\"og:title\" content=\"Kiedy mi si\u0119 b\u0119dzie chcia\u0142o - ARCADIA ROCKS\" \/>\n<meta property=\"og:description\" content=\"zrobi\u0119 co\u015b z t\u0105 stron\u0105&#8230;\" \/>\n<meta property=\"og:url\" content=\"http:\/\/arcadia.rocks\/\" \/>\n<meta property=\"og:site_name\" content=\"ARCADIA ROCKS\" \/>\n<meta name=\"twitter:card\" content=\"summary_large_image\" \/>\n<meta name=\"twitter:label1\" content=\"Szacowany czas czytania\" \/>\n\t<meta name=\"twitter:data1\" content=\"1 minuta\" \/>\n<script type=\"application\/ld+json\" class=\"yoast-schema-graph\">{\"@context\":\"https:\/\/schema.org\",\"@graph\":[{\"@type\":\"WebPage\",\"@id\":\"http:\/\/arcadia.rocks\/\",\"url\":\"http:\/\/arcadia.rocks\/\",\"name\":\"Kiedy mi si\u0119 b\u0119dzie chcia\u0142o - ARCADIA ROCKS\",\"isPartOf\":{\"@id\":\"https:\/\/arcadia.rocks\/#website\"},\"datePublished\":\"2025-08-06T13:31:49+00:00\",\"breadcrumb\":{\"@id\":\"http:\/\/arcadia.rocks\/#breadcrumb\"},\"inLanguage\":\"pl-PL\",\"potentialAction\":[{\"@type\":\"ReadAction\",\"target\":[\"http:\/\/arcadia.rocks\/\"]}]},{\"@type\":\"BreadcrumbList\",\"@id\":\"http:\/\/arcadia.rocks\/#breadcrumb\",\"itemListElement\":[{\"@type\":\"ListItem\",\"position\":1,\"name\":\"Strona g\u0142\u00f3wna\",\"item\":\"http:\/\/arcadia.rocks\/\"},{\"@type\":\"ListItem\",\"position\":2,\"name\":\"Kiedy mi si\u0119 b\u0119dzie chcia\u0142o\"}]},{\"@type\":\"WebSite\",\"@id\":\"https:\/\/arcadia.rocks\/#website\",\"url\":\"https:\/\/arcadia.rocks\/\",\"name\":\"ARCADIA ROCKS\",\"description\":\"\",\"publisher\":{\"@id\":\"https:\/\/arcadia.rocks\/#\/schema\/person\/b2b1bb1f559c03f7868865dd4030d7a3\"},\"potentialAction\":[{\"@type\":\"SearchAction\",\"target\":{\"@type\":\"EntryPoint\",\"urlTemplate\":\"https:\/\/arcadia.rocks\/?s={search_term_string}\"},\"query-input\":{\"@type\":\"PropertyValueSpecification\",\"valueRequired\":true,\"valueName\":\"search_term_string\"}}],\"inLanguage\":\"pl-PL\"},{\"@type\":[\"Person\",\"Organization\"],\"@id\":\"https:\/\/arcadia.rocks\/#\/schema\/person\/b2b1bb1f559c03f7868865dd4030d7a3\",\"name\":\"arcadia\",\"image\":{\"@type\":\"ImageObject\",\"inLanguage\":\"pl-PL\",\"@id\":\"https:\/\/arcadia.rocks\/#\/schema\/person\/image\/\",\"url\":\"https:\/\/arcadia.rocks\/wp-content\/uploads\/2025\/08\/shadow-milk-cookie-v0-cjk9gs2wt1ie1.webp\",\"contentUrl\":\"https:\/\/arcadia.rocks\/wp-content\/uploads\/2025\/08\/shadow-milk-cookie-v0-cjk9gs2wt1ie1.webp\",\"width\":1024,\"height\":1024,\"caption\":\"arcadia\"},\"logo\":{\"@id\":\"https:\/\/arcadia.rocks\/#\/schema\/person\/image\/\"}}]}<\/script>\n<!-- \/ Yoast SEO plugin. -->","yoast_head_json":{"title":"Kiedy mi si\u0119 b\u0119dzie chcia\u0142o - ARCADIA ROCKS","robots":{"index":"index","follow":"follow","max-snippet":"max-snippet:-1","max-image-preview":"max-image-preview:large","max-video-preview":"max-video-preview:-1"},"canonical":"http:\/\/arcadia.rocks\/","og_locale":"pl_PL","og_type":"article","og_title":"Kiedy mi si\u0119 b\u0119dzie chcia\u0142o - ARCADIA ROCKS","og_description":"zrobi\u0119 co\u015b z t\u0105 stron\u0105&#8230;","og_url":"http:\/\/arcadia.rocks\/","og_site_name":"ARCADIA ROCKS","twitter_card":"summary_large_image","twitter_misc":{"Szacowany czas czytania":"1 minuta"},"schema":{"@context":"https:\/\/schema.org","@graph":[{"@type":"WebPage","@id":"http:\/\/arcadia.rocks\/","url":"http:\/\/arcadia.rocks\/","name":"Kiedy mi si\u0119 b\u0119dzie chcia\u0142o - ARCADIA ROCKS","isPartOf":{"@id":"https:\/\/arcadia.rocks\/#website"},"datePublished":"2025-08-06T13:31:49+00:00","breadcrumb":{"@id":"http:\/\/arcadia.rocks\/#breadcrumb"},"inLanguage":"pl-PL","potentialAction":[{"@type":"ReadAction","target":["http:\/\/arcadia.rocks\/"]}]},{"@type":"BreadcrumbList","@id":"http:\/\/arcadia.rocks\/#breadcrumb","itemListElement":[{"@type":"ListItem","position":1,"name":"Strona g\u0142\u00f3wna","item":"http:\/\/arcadia.rocks\/"},{"@type":"ListItem","position":2,"name":"Kiedy mi si\u0119 b\u0119dzie chcia\u0142o"}]},{"@type":"WebSite","@id":"https:\/\/arcadia.rocks\/#website","url":"https:\/\/arcadia.rocks\/","name":"ARCADIA ROCKS","description":"","publisher":{"@id":"https:\/\/arcadia.rocks\/#\/schema\/person\/b2b1bb1f559c03f7868865dd4030d7a3"},"potentialAction":[{"@type":"SearchAction","target":{"@type":"EntryPoint","urlTemplate":"https:\/\/arcadia.rocks\/?s={search_term_string}"},"query-input":{"@type":"PropertyValueSpecification","valueRequired":true,"valueName":"search_term_string"}}],"inLanguage":"pl-PL"},{"@type":["Person","Organization"],"@id":"https:\/\/arcadia.rocks\/#\/schema\/person\/b2b1bb1f559c03f7868865dd4030d7a3","name":"arcadia","image":{"@type":"ImageObject","inLanguage":"pl-PL","@id":"https:\/\/arcadia.rocks\/#\/schema\/person\/image\/","url":"https:\/\/arcadia.rocks\/wp-content\/uploads\/2025\/08\/shadow-milk-cookie-v0-cjk9gs2wt1ie1.webp","contentUrl":"https:\/\/arcadia.rocks\/wp-content\/uploads\/2025\/08\/shadow-milk-cookie-v0-cjk9gs2wt1ie1.webp","width":1024,"height":1024,"caption":"arcadia"},"logo":{"@id":"https:\/\/arcadia.rocks\/#\/schema\/person\/image\/"}}]}},"_links":{"self":[{"href":"https:\/\/arcadia.rocks\/index.php\/wp-json\/wp\/v2\/pages\/28","targetHints":{"allow":["GET"]}}],"collection":[{"href":"https:\/\/arcadia.rocks\/index.php\/wp-json\/wp\/v2\/pages"}],"about":[{"href":"https:\/\/arcadia.rocks\/index.php\/wp-json\/wp\/v2\/types\/page"}],"author":[{"embeddable":true,"href":"https:\/\/arcadia.rocks\/index.php\/wp-json\/wp\/v2\/users\/1"}],"replies":[{"embeddable":true,"href":"https:\/\/arcadia.rocks\/index.php\/wp-json\/wp\/v2\/comments?post=28"}],"version-history":[{"count":1,"href":"https:\/\/arcadia.rocks\/index.php\/wp-json\/wp\/v2\/pages\/28\/revisions"}],"predecessor-version":[{"id":29,"href":"https:\/\/arcadia.rocks\/index.php\/wp-json\/wp\/v2\/pages\/28\/revisions\/29"}],"wp:attachment":[{"href":"https:\/\/arcadia.rocks\/index.php\/wp-json\/wp\/v2\/media?parent=28"}],"curies":[{"name":"wp","href":"https:\/\/api.w.org\/{rel}","templated":true}]}}